{"id":1781,"date":"2018-03-02T15:42:48","date_gmt":"2018-03-02T14:42:48","guid":{"rendered":"http:\/\/endurer.mikado-themes.com\/?page_id=1781"},"modified":"2021-04-11T16:18:13","modified_gmt":"2021-04-11T14:18:13","slug":"nos-equipements-chez-bodyfitness-epernon","status":"publish","type":"page","link":"https:\/\/bodyfitnessepernon.fr\/index.php\/nos-equipements-chez-bodyfitness-epernon\/","title":{"rendered":"Nos \u00e9quipements chez BodyFitness \u00c9pernon"},"content":{"rendered":"<p>[vc_row row_content_width=\u00a0\u00bbgrid\u00a0\u00bb css=\u00a0\u00bb.vc_custom_1596455064958{padding-top: 103px !important;padding-bottom: 65px !important;}\u00a0\u00bb][vc_column][vc_column_text]Nos \u00e9quipements chez BodyFitness \u00c9pernon, section sportive de <a href=\"https:\/\/www.amicale-epernon.fr\/\">l&rsquo;Amicale d&rsquo;\u00e9pernon<\/a>.[\/vc_column_text]<div class=\"mkdf-portfolio-list-holder mkdf-pl-masonry mkdf-medium-space mkdf-pl-two-columns mkdf-pl-gallery-overlay    mkdf-pl-pag-no-pagination     \"  data-type=masonry data-number-of-columns=2 data-space-between-items=medium data-number-of-items=10 data-image-proportions=full data-enable-fixed-proportions=no data-enable-image-shadow=no data-category=sport data-orderby=date data-order=ASC data-item-style=gallery-overlay data-enable-title=yes data-title-tag=h4 data-enable-category=no data-enable-count-images=yes data-enable-excerpt=no data-excerpt-length=20 data-pagination-type=no-pagination data-filter=no data-filter-order-by=name data-enable-article-animation=no data-portfolio-slider-on=no data-enable-loop=yes data-enable-autoplay=yes data-slider-speed=5000 data-slider-speed-animation=600 data-enable-navigation=yes data-enable-pagination=yes data-max-num-pages=1 data-next-page=2>\n\t\t<div class=\"mkdf-pl-inner mkdf-outer-space clearfix\">\n\t\t<div class=\"mkdf-pl-grid-sizer\"><\/div>\n\t\t<div class=\"mkdf-pl-grid-gutter\"><\/div>\n\t\t<article class=\"mkdf-pl-item mkdf-item-space mkdf-masonry-size-default post-1452 portfolio-item type-portfolio-item status-publish has-post-thumbnail hentry portfolio-category-musculation portfolio-tag-exercise portfolio-tag-running\">\n\t<div class=\"mkdf-pl-item-inner\">\n\t\t<div class=\"mkdf-pli-image\">\n\t<img width=\"2560\" height=\"1714\" src=\"https:\/\/bodyfitnessepernon.fr\/wp-content\/uploads\/2020\/09\/DSC_0019-scaled.jpg\" class=\"attachment-full size-full wp-post-image\" alt=\"\" loading=\"lazy\" srcset=\"https:\/\/bodyfitnessepernon.fr\/wp-content\/uploads\/2020\/09\/DSC_0019-scaled.jpg 2560w, https:\/\/bodyfitnessepernon.fr\/wp-content\/uploads\/2020\/09\/DSC_0019-scaled-600x402.jpg 600w, https:\/\/bodyfitnessepernon.fr\/wp-content\/uploads\/2020\/09\/DSC_0019-300x201.jpg 300w, https:\/\/bodyfitnessepernon.fr\/wp-content\/uploads\/2020\/09\/DSC_0019-1024x685.jpg 1024w, https:\/\/bodyfitnessepernon.fr\/wp-content\/uploads\/2020\/09\/DSC_0019-768x514.jpg 768w, https:\/\/bodyfitnessepernon.fr\/wp-content\/uploads\/2020\/09\/DSC_0019-1536x1028.jpg 1536w\" sizes=\"(max-width: 2560px) 100vw, 2560px\" \/><\/div>\n<div class=\"mkdf-pli-text-holder\">\n\t<div class=\"mkdf-pli-text-wrapper\">\n\t\t<div class=\"mkdf-pli-text\">\n\t\t\t\t<h4 itemprop=\"name\" class=\"mkdf-pli-title entry-title\" >\n\t\tMusculation\t<\/h4>\n\n\t\t\t\n\t\t\t\t\t<\/div>\n\t<\/div>\n<\/div>\t\t<a itemprop=\"url\" class=\"mkdf-pli-link mkdf-block-drag-link\" href=\"https:\/\/bodyfitnessepernon.fr\/index.php\/portfolio-item\/musculation-1\/\" target=\"_self\"><\/a>\n\t<\/div>\n<\/article><article class=\"mkdf-pl-item mkdf-item-space mkdf-masonry-size-default post-1523 portfolio-item type-portfolio-item status-publish has-post-thumbnail hentry portfolio-category-fitness portfolio-category-sport portfolio-tag-exercise portfolio-tag-running\">\n\t<div class=\"mkdf-pl-item-inner\">\n\t\t<div class=\"mkdf-pli-image\">\n\t<img width=\"2560\" height=\"1706\" src=\"https:\/\/bodyfitnessepernon.fr\/wp-content\/uploads\/2020\/09\/DSC_5886-scaled.jpg\" class=\"attachment-full size-full wp-post-image\" alt=\"\" loading=\"lazy\" srcset=\"https:\/\/bodyfitnessepernon.fr\/wp-content\/uploads\/2020\/09\/DSC_5886-scaled.jpg 2560w, https:\/\/bodyfitnessepernon.fr\/wp-content\/uploads\/2020\/09\/DSC_5886-scaled-600x400.jpg 600w, https:\/\/bodyfitnessepernon.fr\/wp-content\/uploads\/2020\/09\/DSC_5886-300x200.jpg 300w, https:\/\/bodyfitnessepernon.fr\/wp-content\/uploads\/2020\/09\/DSC_5886-1024x683.jpg 1024w, https:\/\/bodyfitnessepernon.fr\/wp-content\/uploads\/2020\/09\/DSC_5886-768x512.jpg 768w, https:\/\/bodyfitnessepernon.fr\/wp-content\/uploads\/2020\/09\/DSC_5886-391x260.jpg 391w, https:\/\/bodyfitnessepernon.fr\/wp-content\/uploads\/2020\/09\/DSC_5886-1536x1024.jpg 1536w\" sizes=\"(max-width: 2560px) 100vw, 2560px\" \/><\/div>\n<div class=\"mkdf-pli-text-holder\">\n\t<div class=\"mkdf-pli-text-wrapper\">\n\t\t<div class=\"mkdf-pli-text\">\n\t\t\t\t<h4 itemprop=\"name\" class=\"mkdf-pli-title entry-title\" >\n\t\tFitness\t<\/h4>\n\n\t\t\t\n\t\t\t\t\t<\/div>\n\t<\/div>\n<\/div>\t\t<a itemprop=\"url\" class=\"mkdf-pli-link mkdf-block-drag-link\" href=\"https:\/\/bodyfitnessepernon.fr\/index.php\/portfolio-item\/training\/\" target=\"_self\"><\/a>\n\t<\/div>\n<\/article><article class=\"mkdf-pl-item mkdf-item-space mkdf-masonry-size-default post-1561 portfolio-item type-portfolio-item status-publish has-post-thumbnail hentry portfolio-category-musculation portfolio-category-sport portfolio-tag-exercise portfolio-tag-running\">\n\t<div class=\"mkdf-pl-item-inner\">\n\t\t<div class=\"mkdf-pli-image\">\n\t<img width=\"2560\" height=\"1714\" src=\"https:\/\/bodyfitnessepernon.fr\/wp-content\/uploads\/2020\/09\/DSC_0028-scaled.jpg\" class=\"attachment-full size-full wp-post-image\" alt=\"\" loading=\"lazy\" srcset=\"https:\/\/bodyfitnessepernon.fr\/wp-content\/uploads\/2020\/09\/DSC_0028-scaled.jpg 2560w, https:\/\/bodyfitnessepernon.fr\/wp-content\/uploads\/2020\/09\/DSC_0028-scaled-600x402.jpg 600w, https:\/\/bodyfitnessepernon.fr\/wp-content\/uploads\/2020\/09\/DSC_0028-300x201.jpg 300w, https:\/\/bodyfitnessepernon.fr\/wp-content\/uploads\/2020\/09\/DSC_0028-1024x685.jpg 1024w, https:\/\/bodyfitnessepernon.fr\/wp-content\/uploads\/2020\/09\/DSC_0028-768x514.jpg 768w, https:\/\/bodyfitnessepernon.fr\/wp-content\/uploads\/2020\/09\/DSC_0028-1536x1028.jpg 1536w\" sizes=\"(max-width: 2560px) 100vw, 2560px\" \/><\/div>\n<div class=\"mkdf-pli-text-holder\">\n\t<div class=\"mkdf-pli-text-wrapper\">\n\t\t<div class=\"mkdf-pli-text\">\n\t\t\t\t<h4 itemprop=\"name\" class=\"mkdf-pli-title entry-title\" >\n\t\tMusculation\t<\/h4>\n\n\t\t\t\n\t\t\t\t\t<\/div>\n\t<\/div>\n<\/div>\t\t<a itemprop=\"url\" class=\"mkdf-pli-link mkdf-block-drag-link\" href=\"https:\/\/bodyfitnessepernon.fr\/index.php\/portfolio-item\/musculation-2\/\" target=\"_self\"><\/a>\n\t<\/div>\n<\/article><article class=\"mkdf-pl-item mkdf-item-space mkdf-masonry-size-default post-1577 portfolio-item type-portfolio-item status-publish has-post-thumbnail hentry portfolio-category-sport portfolio-category-training portfolio-tag-exercise portfolio-tag-running\">\n\t<div class=\"mkdf-pl-item-inner\">\n\t\t<div class=\"mkdf-pli-image\">\n\t<img width=\"2560\" height=\"1714\" src=\"https:\/\/bodyfitnessepernon.fr\/wp-content\/uploads\/2020\/09\/DSC_0037-scaled.jpg\" class=\"attachment-full size-full wp-post-image\" alt=\"\" loading=\"lazy\" srcset=\"https:\/\/bodyfitnessepernon.fr\/wp-content\/uploads\/2020\/09\/DSC_0037-scaled.jpg 2560w, https:\/\/bodyfitnessepernon.fr\/wp-content\/uploads\/2020\/09\/DSC_0037-scaled-600x402.jpg 600w, https:\/\/bodyfitnessepernon.fr\/wp-content\/uploads\/2020\/09\/DSC_0037-300x201.jpg 300w, https:\/\/bodyfitnessepernon.fr\/wp-content\/uploads\/2020\/09\/DSC_0037-1024x685.jpg 1024w, https:\/\/bodyfitnessepernon.fr\/wp-content\/uploads\/2020\/09\/DSC_0037-768x514.jpg 768w, https:\/\/bodyfitnessepernon.fr\/wp-content\/uploads\/2020\/09\/DSC_0037-1536x1028.jpg 1536w\" sizes=\"(max-width: 2560px) 100vw, 2560px\" \/><\/div>\n<div class=\"mkdf-pli-text-holder\">\n\t<div class=\"mkdf-pli-text-wrapper\">\n\t\t<div class=\"mkdf-pli-text\">\n\t\t\t\t<h4 itemprop=\"name\" class=\"mkdf-pli-title entry-title\" >\n\t\tTraining\t<\/h4>\n\n\t\t\t\n\t\t\t\t\t<\/div>\n\t<\/div>\n<\/div>\t\t<a itemprop=\"url\" class=\"mkdf-pli-link mkdf-block-drag-link\" href=\"https:\/\/bodyfitnessepernon.fr\/index.php\/portfolio-item\/training-2\/\" target=\"_self\"><\/a>\n\t<\/div>\n<\/article><article class=\"mkdf-pl-item mkdf-item-space mkdf-masonry-size-default post-1579 portfolio-item type-portfolio-item status-publish has-post-thumbnail hentry portfolio-category-fitness portfolio-category-sport portfolio-tag-exercise portfolio-tag-running\">\n\t<div class=\"mkdf-pl-item-inner\">\n\t\t<div class=\"mkdf-pli-image\">\n\t<img width=\"2560\" height=\"1707\" src=\"https:\/\/bodyfitnessepernon.fr\/wp-content\/uploads\/2020\/09\/DSC_5956-scaled.jpg\" class=\"attachment-full size-full wp-post-image\" alt=\"\" loading=\"lazy\" srcset=\"https:\/\/bodyfitnessepernon.fr\/wp-content\/uploads\/2020\/09\/DSC_5956-scaled.jpg 2560w, https:\/\/bodyfitnessepernon.fr\/wp-content\/uploads\/2020\/09\/DSC_5956-scaled-600x400.jpg 600w, https:\/\/bodyfitnessepernon.fr\/wp-content\/uploads\/2020\/09\/DSC_5956-300x200.jpg 300w, https:\/\/bodyfitnessepernon.fr\/wp-content\/uploads\/2020\/09\/DSC_5956-1024x683.jpg 1024w, https:\/\/bodyfitnessepernon.fr\/wp-content\/uploads\/2020\/09\/DSC_5956-768x512.jpg 768w, https:\/\/bodyfitnessepernon.fr\/wp-content\/uploads\/2020\/09\/DSC_5956-391x260.jpg 391w, https:\/\/bodyfitnessepernon.fr\/wp-content\/uploads\/2020\/09\/DSC_5956-1536x1024.jpg 1536w\" sizes=\"(max-width: 2560px) 100vw, 2560px\" \/><\/div>\n<div class=\"mkdf-pli-text-holder\">\n\t<div class=\"mkdf-pli-text-wrapper\">\n\t\t<div class=\"mkdf-pli-text\">\n\t\t\t\t<h4 itemprop=\"name\" class=\"mkdf-pli-title entry-title\" >\n\t\tFitness\t<\/h4>\n\n\t\t\t\n\t\t\t\t\t<\/div>\n\t<\/div>\n<\/div>\t\t<a itemprop=\"url\" class=\"mkdf-pli-link mkdf-block-drag-link\" href=\"https:\/\/bodyfitnessepernon.fr\/index.php\/portfolio-item\/fitness\/\" target=\"_self\"><\/a>\n\t<\/div>\n<\/article><article class=\"mkdf-pl-item mkdf-item-space mkdf-masonry-size-default post-1589 portfolio-item type-portfolio-item status-publish has-post-thumbnail hentry portfolio-category-musculation portfolio-category-sport portfolio-tag-exercise portfolio-tag-running\">\n\t<div class=\"mkdf-pl-item-inner\">\n\t\t<div class=\"mkdf-pli-image\">\n\t<img width=\"2445\" height=\"1630\" src=\"https:\/\/bodyfitnessepernon.fr\/wp-content\/uploads\/2020\/09\/DSC_0017.jpg\" class=\"attachment-full size-full wp-post-image\" alt=\"\" loading=\"lazy\" srcset=\"https:\/\/bodyfitnessepernon.fr\/wp-content\/uploads\/2020\/09\/DSC_0017.jpg 2445w, https:\/\/bodyfitnessepernon.fr\/wp-content\/uploads\/2020\/09\/DSC_0017-600x400.jpg 600w, https:\/\/bodyfitnessepernon.fr\/wp-content\/uploads\/2020\/09\/DSC_0017-300x200.jpg 300w, https:\/\/bodyfitnessepernon.fr\/wp-content\/uploads\/2020\/09\/DSC_0017-1024x683.jpg 1024w, https:\/\/bodyfitnessepernon.fr\/wp-content\/uploads\/2020\/09\/DSC_0017-768x512.jpg 768w, https:\/\/bodyfitnessepernon.fr\/wp-content\/uploads\/2020\/09\/DSC_0017-391x260.jpg 391w, https:\/\/bodyfitnessepernon.fr\/wp-content\/uploads\/2020\/09\/DSC_0017-1536x1024.jpg 1536w\" sizes=\"(max-width: 2445px) 100vw, 2445px\" \/><\/div>\n<div class=\"mkdf-pli-text-holder\">\n\t<div class=\"mkdf-pli-text-wrapper\">\n\t\t<div class=\"mkdf-pli-text\">\n\t\t\t\t<h4 itemprop=\"name\" class=\"mkdf-pli-title entry-title\" >\n\t\tMusculation\t<\/h4>\n\n\t\t\t\n\t\t\t\t\t<\/div>\n\t<\/div>\n<\/div>\t\t<a itemprop=\"url\" class=\"mkdf-pli-link mkdf-block-drag-link\" href=\"https:\/\/bodyfitnessepernon.fr\/index.php\/portfolio-item\/musculation-3\/\" target=\"_self\"><\/a>\n\t<\/div>\n<\/article><article class=\"mkdf-pl-item mkdf-item-space mkdf-masonry-size-default post-1603 portfolio-item type-portfolio-item status-publish has-post-thumbnail hentry portfolio-category-race portfolio-category-sport portfolio-tag-exercise portfolio-tag-running\">\n\t<div class=\"mkdf-pl-item-inner\">\n\t\t<div class=\"mkdf-pli-image\">\n\t<\/div>\n<div class=\"mkdf-pli-text-holder\">\n\t<div class=\"mkdf-pli-text-wrapper\">\n\t\t<div class=\"mkdf-pli-text\">\n\t\t\t\t<h4 itemprop=\"name\" class=\"mkdf-pli-title entry-title\" >\n\t\tStrength\t<\/h4>\n\n\t\t\t\n\t\t\t\t\t<\/div>\n\t<\/div>\n<\/div>\t\t<a itemprop=\"url\" class=\"mkdf-pli-link mkdf-block-drag-link\" href=\"https:\/\/bodyfitnessepernon.fr\/index.php\/portfolio-item\/strength\/\" target=\"_self\"><\/a>\n\t<\/div>\n<\/article><article class=\"mkdf-pl-item mkdf-item-space mkdf-masonry-size-default post-1612 portfolio-item type-portfolio-item status-publish has-post-thumbnail hentry portfolio-category-race portfolio-category-sport portfolio-tag-exercise portfolio-tag-running\">\n\t<div class=\"mkdf-pl-item-inner\">\n\t\t<div class=\"mkdf-pli-image\">\n\t<\/div>\n<div class=\"mkdf-pli-text-holder\">\n\t<div class=\"mkdf-pli-text-wrapper\">\n\t\t<div class=\"mkdf-pli-text\">\n\t\t\t\t<h4 itemprop=\"name\" class=\"mkdf-pli-title entry-title\" >\n\t\tBe Stronger\t<\/h4>\n\n\t\t\t\n\t\t\t\t\t<\/div>\n\t<\/div>\n<\/div>\t\t<a itemprop=\"url\" class=\"mkdf-pli-link mkdf-block-drag-link\" href=\"https:\/\/bodyfitnessepernon.fr\/index.php\/portfolio-item\/be-stronger\/\" target=\"_self\"><\/a>\n\t<\/div>\n<\/article><article class=\"mkdf-pl-item mkdf-item-space mkdf-masonry-size-default post-1624 portfolio-item type-portfolio-item status-publish has-post-thumbnail hentry portfolio-category-race portfolio-category-sport portfolio-tag-exercise portfolio-tag-running\">\n\t<div class=\"mkdf-pl-item-inner\">\n\t\t<div class=\"mkdf-pli-image\">\n\t<\/div>\n<div class=\"mkdf-pli-text-holder\">\n\t<div class=\"mkdf-pli-text-wrapper\">\n\t\t<div class=\"mkdf-pli-text\">\n\t\t\t\t<h4 itemprop=\"name\" class=\"mkdf-pli-title entry-title\" >\n\t\tStamina\t<\/h4>\n\n\t\t\t\n\t\t\t\t\t<\/div>\n\t<\/div>\n<\/div>\t\t<a itemprop=\"url\" class=\"mkdf-pli-link mkdf-block-drag-link\" href=\"https:\/\/bodyfitnessepernon.fr\/index.php\/portfolio-item\/stamina\/\" target=\"_self\"><\/a>\n\t<\/div>\n<\/article>\t<\/div>\n\t\n\t<\/div>[\/vc_column][\/vc_row][vc_row][vc_column][vc_column_text]Nos \u00e9quipements chez BodyFitness \u00c9pernon, section sportive de <a href=\"https:\/\/www.amicale-epernon.fr\/\">l&rsquo;Amicale d&rsquo;\u00e9pernon<\/a>.[\/vc_column_text][\/vc_column][\/vc_row]<\/p>\n","protected":false},"excerpt":{"rendered":"<p>[vc_row row_content_width=\u00a0\u00bbgrid\u00a0\u00bb css=\u00a0\u00bb.vc_custom_1596455064958{padding-top: 103px !important;padding-bottom: 65px !important;}\u00a0\u00bb][vc_column][vc_column_text]Nos \u00e9quipements chez BodyFitness \u00c9pernon, section sportive de l&rsquo;Amicale d&rsquo;\u00e9pernon.[\/vc_column_text][\/vc_column][\/vc_row][vc_row][vc_column][vc_column_text]Nos \u00e9quipements chez BodyFitness \u00c9pernon, section sportive de l&rsquo;Amicale d&rsquo;\u00e9pernon.[\/vc_column_text][\/vc_column][\/vc_row]<\/p>\n","protected":false},"author":1,"featured_media":0,"parent":0,"menu_order":0,"comment_status":"closed","ping_status":"closed","template":"full-width.php","meta":{"_monsterinsights_skip_tracking":false,"_monsterinsights_sitenote_active":false,"_monsterinsights_sitenote_note":"","_monsterinsights_sitenote_category":0},"aioseo_notices":[],"_links":{"self":[{"href":"https:\/\/bodyfitnessepernon.fr\/index.php\/wp-json\/wp\/v2\/pages\/1781"}],"collection":[{"href":"https:\/\/bodyfitnessepernon.fr\/index.php\/wp-json\/wp\/v2\/pages"}],"about":[{"href":"https:\/\/bodyfitnessepernon.fr\/index.php\/wp-json\/wp\/v2\/types\/page"}],"author":[{"embeddable":true,"href":"https:\/\/bodyfitnessepernon.fr\/index.php\/wp-json\/wp\/v2\/users\/1"}],"replies":[{"embeddable":true,"href":"https:\/\/bodyfitnessepernon.fr\/index.php\/wp-json\/wp\/v2\/comments?post=1781"}],"version-history":[{"count":11,"href":"https:\/\/bodyfitnessepernon.fr\/index.php\/wp-json\/wp\/v2\/pages\/1781\/revisions"}],"predecessor-version":[{"id":4230,"href":"https:\/\/bodyfitnessepernon.fr\/index.php\/wp-json\/wp\/v2\/pages\/1781\/revisions\/4230"}],"wp:attachment":[{"href":"https:\/\/bodyfitnessepernon.fr\/index.php\/wp-json\/wp\/v2\/media?parent=1781"}],"curies":[{"name":"wp","href":"https:\/\/api.w.org\/{rel}","templated":true}]}}