{"id":3858,"date":"2020-08-23T16:20:56","date_gmt":"2020-08-23T14:20:56","guid":{"rendered":"http:\/\/bodyfitnessepernon.fr\/?page_id=3858"},"modified":"2024-10-06T19:42:36","modified_gmt":"2024-10-06T17:42:36","slug":"mentions-legales","status":"publish","type":"page","link":"https:\/\/bodyfitnessepernon.fr\/index.php\/mentions-legales\/","title":{"rendered":"Mentions l\u00e9gales BodyFitness \u00c9pernon"},"content":{"rendered":"\n<p>Directeur de la publication : BodyFitness Epernon \/ bodyfitnessepernon@gmail.com<\/p>\n\n\n\n<p><strong>H\u00e9bergement<\/strong><\/p>\n\n\n\n<p>OVH \u2013 140 Quai du Sartel 591020 ROUBAIX \u2013 FRANCE<\/p>\n\n\n\n<p>Cr\u00e9dit photo : Philippe et ISTOCK.<\/p>\n\n\n\n<p>En utilisant ce site internet vous acceptez cette clause de non-responsabilit\u00e9. Une utilisation non-approuv\u00e9e ou abusive du contenu ou de parties de contenu porte atteinte aux droits de propri\u00e9t\u00e9 intellectuelle et n&rsquo;est pas autoris\u00e9e. Une autorisation d&rsquo;utilisation du contenu affich\u00e9 ou de parties de celui-ci dans des endroits accessibles au public doit nous \u00eatre demand\u00e9e par \u00e9crit.<\/p>\n\n\n\n<p>BodyFitness \u00c9pernon fait son maximum pour tenir \u00e0 jour de mani\u00e8re pr\u00e9cise et exacte le contenu de ce site web.&nbsp; Toutefois, au travers de ce site Web, vous \u00eates en mesure de vous connecter \u00e0 d\u2019autres sites Web qui ne sont pas sous le contr\u00f4le de BodyFitness \u00c9pernon. Nous n\u2019avons aucun contr\u00f4le sur la nature, le contenu et l\u2019accessibilit\u00e9 de ces sites. L\u2019inclusion de tout lien n&rsquo;implique pas n\u00e9cessairement une recommandation ou une approbation des vues exprim\u00e9es au sein de celui-ci.<\/p>\n\n\n\n<p>Ce contenu suivra donc \u00e0:&nbsp;BodyFitness \u00c9pernon, section de l&rsquo;Amicale d&rsquo;Epernon, association loi 1901 inscrite en Pr\u00e9fecture de CHARTRES ; r\u00e9pertoire SIRENE sous le n\u00b0 775122765 00024, sise 1 Rte de Gallardon 28230 EPERNON.<\/p>\n","protected":false},"excerpt":{"rendered":"<p>Directeur de la publication : BodyFitness Epernon \/ bodyfitnessepernon@gmail.com H\u00e9bergement OVH \u2013 140 Quai du Sartel 591020 ROUBAIX \u2013 FRANCE Cr\u00e9dit photo : Philippe et ISTOCK. En utilisant ce site internet vous acceptez cette clause de non-responsabilit\u00e9. Une utilisation non-approuv\u00e9e ou abusive du contenu ou de parties de contenu porte atteinte aux droits de propri\u00e9t\u00e9 intellectuelle et n&rsquo;est pas autoris\u00e9e. Une autorisation d&rsquo;utilisation du contenu affich\u00e9 ou de parties de celui-ci dans des endroits accessibles au public doit nous \u00eatre [&hellip;]<\/p>\n","protected":false},"author":1,"featured_media":0,"parent":0,"menu_order":0,"comment_status":"closed","ping_status":"closed","template":"","meta":{"_monsterinsights_skip_tracking":false,"_monsterinsights_sitenote_active":false,"_monsterinsights_sitenote_note":"","_monsterinsights_sitenote_category":0},"aioseo_notices":[],"_links":{"self":[{"href":"https:\/\/bodyfitnessepernon.fr\/index.php\/wp-json\/wp\/v2\/pages\/3858"}],"collection":[{"href":"https:\/\/bodyfitnessepernon.fr\/index.php\/wp-json\/wp\/v2\/pages"}],"about":[{"href":"https:\/\/bodyfitnessepernon.fr\/index.php\/wp-json\/wp\/v2\/types\/page"}],"author":[{"embeddable":true,"href":"https:\/\/bodyfitnessepernon.fr\/index.php\/wp-json\/wp\/v2\/users\/1"}],"replies":[{"embeddable":true,"href":"https:\/\/bodyfitnessepernon.fr\/index.php\/wp-json\/wp\/v2\/comments?post=3858"}],"version-history":[{"count":5,"href":"https:\/\/bodyfitnessepernon.fr\/index.php\/wp-json\/wp\/v2\/pages\/3858\/revisions"}],"predecessor-version":[{"id":4302,"href":"https:\/\/bodyfitnessepernon.fr\/index.php\/wp-json\/wp\/v2\/pages\/3858\/revisions\/4302"}],"wp:attachment":[{"href":"https:\/\/bodyfitnessepernon.fr\/index.php\/wp-json\/wp\/v2\/media?parent=3858"}],"curies":[{"name":"wp","href":"https:\/\/api.w.org\/{rel}","templated":true}]}}