{"id":3867,"date":"2020-08-23T16:53:27","date_gmt":"2020-08-23T14:53:27","guid":{"rendered":"http:\/\/bodyfitnessepernon.fr\/?page_id=3867"},"modified":"2024-10-06T19:44:13","modified_gmt":"2024-10-06T17:44:13","slug":"politique-de-confidentialite-2","status":"publish","type":"page","link":"https:\/\/bodyfitnessepernon.fr\/index.php\/politique-de-confidentialite-2\/","title":{"rendered":"Politique de confidentialit\u00e9 chez BodyFitness \u00c9pernon"},"content":{"rendered":"\n<p>La pr\u00e9sente constitue la d\u00e9claration de confidentialit\u00e9 de BodyFitness \u00c9pernon section de l&rsquo;Amicale d&rsquo;Epernon, association loi 1901 inscrite en Pr\u00e9fecture de CHARTRES ; r\u00e9pertoire SIRENE sous le n\u00b0 775122765 00024, sise 1 Rte de Gallardon 28230 EPERNON.<\/p>\n\n\n\n<p><strong>Pourquoi cette d\u00e9claration de confidentialit\u00e9 ?<\/strong><br>Si vous avez un abonnement BodyFitness \u00c9pernon, souhaitez souscrire un abonnement BodyFitness \u00c9pernon, si vous visitez notre site internet par int\u00e9r\u00eat ou r\u00e9pondez \u00e0 nos publications sur les r\u00e9seaux sociaux, nous avons besoin de certaines donn\u00e9es personnelles vous concernant. Nous voulons \u00eatre transparents sur le traitement de vos donn\u00e9es personnelles par BodyFitness \u00c9pernon, d&rsquo;o\u00f9 cette d\u00e9claration de confidentialit\u00e9.<br>BodyFitness \u00c9pernon traite vos donn\u00e9es personnelles avec le plus grand soin et respecte les lois et r\u00e8glements en mati\u00e8re de protection des donn\u00e9es personnelles, comme le R\u00e8glement g\u00e9n\u00e9ral sur la protection des donn\u00e9es (RGPD).&nbsp;<\/p>\n\n\n\n<p>Nous avons r\u00e9pertori\u00e9 ci-dessous pour vous les donn\u00e9es que nous traitons, les bases l\u00e9gal utilis\u00e9es , les raisons pour lesquelles nous le faisons et comment nous traitons vos donn\u00e9es \u00e0 caract\u00e8re personnel. En outre, nous vous expliquons comment vous pouvez influencer le traitement de vos donn\u00e9es \u00e0 caract\u00e8re personnel par BodyFitness \u00c9pernon.<\/p>\n\n\n\n<p>Nous sommes une entreprise dynamique dans un environnement en \u00e9volution rapide, il est donc important que nous actualisions ponctuellement notre politique de confidentialit\u00e9. Nous nous r\u00e9servons donc le droit de modifier cette d\u00e9claration de confidentialit\u00e9 \u00e0 tout moment. Vous pouvez toujours trouver la version la plus r\u00e9cente sur notre site Internet. Nous vous conseillons donc de visiter r\u00e9guli\u00e8rement cette page.<\/p>\n\n\n\n<p><strong>Quelles donn\u00e9es \u00e0 caract\u00e8re personnel traitons-nous ?<\/strong><br>BodyFitness \u00c9pernon traite des donn\u00e9es \u00e0 caract\u00e8re personnel. Selon le RGPD, les donn\u00e9es \u00e0 caract\u00e8re personnel sont \u00ab toute information concernant une personne physique identifi\u00e9e ou identifiable \u00bb. Il s&rsquo;agit de toutes les informations qui ram\u00e8nent directement ou indirectement \u00e0 votre personne.<\/p>\n\n\n\n<p>Nous recevons les donn\u00e9es directement de votre part, lorsque vous vous inscrivez \u00e0 BodyFitness \u00c9pernon, lorsque que vous visitez le site Web ou bien lorsque vous nous contactez via les r\u00e9seaux sociaux.<\/p>\n\n\n\n<p><strong>Donn\u00e9es de nos membres<\/strong><br>Lorsque vous souscrivez un abonnement BodyFitness \u00c9pernon, nous traitons en tout \u00e9tat de cause vos nom, adresse, lieu de r\u00e9sidence, num\u00e9ro de t\u00e9l\u00e9phone, adresse \u00e9lectronique, num\u00e9ro de compte bancaire, sexe et date de naissance.<\/p>\n\n\n\n<p>M\u00eame si vous avez d\u00e9j\u00e0 un abonnement BodyFitness \u00c9pernon, nous continuerons \u00e0 traiter ce type de donn\u00e9es \u00e0 caract\u00e8re personnel vous concernant. En cas d&rsquo;utilisation des services de BodyFitness \u00c9pernon, en fonction des services achet\u00e9s, les donn\u00e9es personnelles suivantes sont \u00e9galement trait\u00e9es : num\u00e9ro de membre, num\u00e9ro de carte d&rsquo;acc\u00e8s, langue de pr\u00e9f\u00e9rence (pays du club), canal par lequel vous \u00eates devenu membre, visite d\u2019inscription de la salle, derni\u00e8re visite de la salle, type d&rsquo;abonnement,&nbsp; suppl\u00e9ments souscrits, profil sportif si l&rsquo;enqu\u00eate a \u00e9t\u00e9 compl\u00e9t\u00e9e, toute information que vous avez pu fournir \u00e0 nos services, votre \u00e9tat financier avec BodyFitness \u00c9pernon (services et produits achet\u00e9s et s&rsquo;ils ont \u00e9t\u00e9 pay\u00e9s ou non), tout score NPS si vous avez particip\u00e9 \u00e0 une enqu\u00eate de satisfaction des adh\u00e9rents.&nbsp;<\/p>\n\n\n\n<p>Enfin, Nous avons des cam\u00e9ras au sein et autour de nos clubs. Il est donc possible que vous soyez film\u00e9 par ce syst\u00e8me de vid\u00e9osurveillance. Aucune cam\u00e9ra n\u2019est install\u00e9e dans les vestiaires et nous ne visionnons et conservons les images que si cela est n\u00e9cessaire et pour une dur\u00e9e limit\u00e9e. Nous utilisons la vid\u00e9osurveillance pour assurer le contr\u00f4le de l\u2019acc\u00e8s ainsi que la s\u00e9curit\u00e9 des biens et des personnes pr\u00e9sents dans la salle. Pour plus d&rsquo;informations sur la nature et sur la mise en \u0153uvre de notre syst\u00e8me de vid\u00e9osurveillance, vous pouvez vous r\u00e9f\u00e9rez \u00e0 notre r\u00e8glement de vid\u00e9osurveillance pr\u00e9sent sur notre site<\/p>\n\n\n\n<p><strong>Web ou au sein de nos clubs.<\/strong><\/p>\n\n\n\n<p><em>Donn\u00e9es des visiteurs de notre site internet<\/em><br>Les donn\u00e9es \u00e0 caract\u00e8re personnel des visiteurs de notre site internet sont \u00e9galement trait\u00e9es. Il s&rsquo;agit des donn\u00e9es personnelles que vous compl\u00e9tez vous-m\u00eame, entre autres, sur la page de contact ou dans la boutique en ligne, telles que votre adresse \u00e9lectronique, votre nom, votre adresse, votre lieu de r\u00e9sidence, votre club actuel ou &nbsp;num\u00e9ro de t\u00e9l\u00e9phone.<\/p>\n\n\n\n<p><em>Pr\u00e9sence sur les r\u00e9seaux sociaux<\/em><br>Les donn\u00e9es que vous remplissez vous-m\u00eame sur les r\u00e9seaux sociaux ou que nous recueillons \u00e0 la suite de vos r\u00e9actions dues \u00e0 votre pr\u00e9sence sur les r\u00e9seaux sociaux sont trait\u00e9es par BodyFitness \u00c9pernon. Il peut s&rsquo;agir de donn\u00e9es \u00e0 caract\u00e8re personnel que vous compl\u00e9tez vous-m\u00eame sur la page de contact de la plate-forme en question, telles que votre adresse \u00e9lectronique, nom, adresse, lieu de r\u00e9sidence ou un num\u00e9ro de t\u00e9l\u00e9phone.<br>Quelles sont les bases l\u00e9gal pour le traitement?<\/p>\n\n\n\n<p>Nous ne pouvons traiter vos donn\u00e9es personnelles que si il existe une base l\u00e9gale. Le traitement sera l\u00e9gal:<br>\u2022&nbsp;&nbsp; &nbsp;Lorsque vous avez donn\u00e9 votre permission pour cela. Cette permission peut toujours \u00eatre retir\u00e9e ;<br>\u2022&nbsp;&nbsp; &nbsp;Lorsque le traitement est n\u00e9cessaire \u00e0 l&rsquo;ex\u00e9cution du contrat que vous avez conclu avec BodyFitness \u00c9pernon ;<br>\u2022&nbsp;&nbsp; &nbsp;Lorsque le traitement est n\u00e9cessaire au respect d&rsquo;une obligation l\u00e9gale de BodyFitness \u00c9pernon ;<br>\u2022&nbsp;&nbsp; &nbsp;Lorsque le traitement est n\u00e9cessaire \u00e0 la sauvegarde d\u00e9vore vie;<br>\u2022&nbsp;&nbsp; &nbsp;Lorsque le traitement est n\u00e9cessaire \u00e0 l&rsquo;accomplissement d&rsquo;une mission effectu\u00e9e dans l&rsquo;int\u00e9r\u00eat public ou dans l&rsquo;exercice de pouvoirs publics ; et<br>\u2022&nbsp;&nbsp; &nbsp;Lorsque le traitement est n\u00e9cessaire aux fins des int\u00e9r\u00eats l\u00e9gitimes poursuivis par BodyFitness \u00c9pernon.<\/p>\n\n\n\n<p><strong>\u00c0 quelles fins traitons-nous vos donn\u00e9es ?<\/strong><\/p>\n\n\n\n<p><em>Prestations de service<\/em><br>BodyFitness \u00c9pernon traite vos donn\u00e9es pour \u00eatre en mesure de vous offrir son services de conditionnement physique. Pour cr\u00e9er une carte de membre qui vous donne acc\u00e8s a la salle, pour traiter et r\u00e9pondre aux questions et aux plaintes, pour \u00e9tablir, envoyer et encaisser les factures, et pour communiquer dans la bonne langue. De plus, nous traitons les donn\u00e9es pour pouvoir vous fournir un service adapt\u00e9 \u00e0 vos besoins.<\/p>\n\n\n\n<p><em>Informer<\/em><br>BodyFitness \u00c9pernon traite vos donn\u00e9es afin de pouvoir vous informer principalement par courriel (ou dans quelques cas par lettre ou par t\u00e9l\u00e9phone). Vous recevez des informations sur votre abonnement auxquelles vous ne pouvez pas vous d\u00e9sabonner. Vous recevez \u00e9galement des informations sur les produits et services BodyFitness \u00c9pernon, tels que la confirmation des horaires d&rsquo;entra\u00eenement et les nouveaux cours collectifs. Vous pouvez vous d\u00e9sabonner de ces messages \u00e0 tout moment.<\/p>\n\n\n\n<p><em>Activit\u00e9s de marketing et de vente<\/em><br>Lors de votre inscription, nous vous demandons si vous souhaitez \u00e9galement recevoir des informations sur d&rsquo;autres types de produits et services de BodyFitness \u00c9pernon, des produits et services de tiers et si nous pouvons utiliser vos donn\u00e9es pour vous envoyer des informations correspondant \u00e0 votre profil. Si vous indiquez que vous ne souhaitez pas recevoir ces informations, vous ne les recevrez pas. Vous pouvez toujours vous d\u00e9sabonner de ces informations, indiquer et modifier votre choix via le lien appropri\u00e9. Pour \u00eatre clair : nous ne vendons pas les donn\u00e9es personnelles de nos adh\u00e9rents \u00e0 des tiers pour qu&rsquo;ils puissent utiliser ces donn\u00e9es pour leurs activit\u00e9s de marketing direct.<\/p>\n\n\n\n<p><em>Analyses et enqu\u00eate (de march\u00e9)<\/em><br>Nous pouvons utiliser vos donn\u00e9es personnelles \u00e0 des fins de recherche et d&rsquo;analyse, dans le but d&rsquo;am\u00e9liorer les services de BodyFitness \u00c9pernon. Nous pouvons \u00e9galement vous proposer de participer \u00e0 une \u00e9tude de client\u00e8le ou de march\u00e9 sans engagement afin d&rsquo;am\u00e9liorer notre service. Dans ce cas, vous d\u00e9cidez vous-m\u00eame si vous souhaitez y participer ou non en donnant votre consentement.<\/p>\n\n\n\n<p><em>Rapports<\/em><br>BodyFitness \u00c9pernon traite les donn\u00e9es des membres pour r\u00e9aliser des analyses statistiques et \u00e9tablir des rapports de gestion. Sur la base de ces analyses et rapports, des d\u00e9cisions sont prises, les produits et services sont \u00e9valu\u00e9s et l&rsquo;efficacit\u00e9 des campagnes est examin\u00e9e. Les donn\u00e9es des membres sont utilis\u00e9es \u00e0 cette fin \u00e0 un niveau agr\u00e9g\u00e9. Agr\u00e9g\u00e9, signifie que les donn\u00e9es ne contiennent pas d&rsquo;informations sur les membres individuels, mais seulement des informations sur certains groupes en fonction de l&rsquo;utilisation, de l&rsquo;\u00e2ge ou des nouveaux membres.<\/p>\n\n\n\n<p><em>Contacts avec le membre<\/em><br>Si vous nous contactez ou si nous vous contactons par t\u00e9l\u00e9phone, courrier \u00e9lectronique, r\u00e9seaux sociaux, chat ou tout autre moyen, vos informations seront enregistr\u00e9es. Les collaborateurs de BodyFitness \u00c9pernon peuvent voir ult\u00e9rieurement qu&rsquo;il y a eu un contact pr\u00e9alable avec vous et sur quel sujet. Nous pouvons ainsi vous aider plus rapidement et d&rsquo;une meilleure mani\u00e8re. Songez, par exemple, aux questions sur les prestations de service, les plaintes, les factures et les paiements, si vous participez \u00e0 des \u00e9tudes de march\u00e9 et \u00e0 des conversations commerciales.&nbsp;<\/p>\n\n\n\n<p>Les appels t\u00e9l\u00e9phoniques entre les adh\u00e9rents et BodyFitness \u00c9pernon peuvent \u00eatre conserv\u00e9s pour \u00eatre r\u00e9\u00e9cout\u00e9s et \u00e0 des fins de formation. Si une conversation est enregistr\u00e9e, vous entendrez d&rsquo;abord un message indiquant que la conversation peut \u00eatre enregistr\u00e9e.<\/p>\n\n\n\n<p><em>Obligations l\u00e9gales<\/em><br>BodyFitness \u00c9pernon peut \u00eatre tenue par la loi ou la r\u00e9glementation de traiter vos donn\u00e9es \u00e0 caract\u00e8re personnel et\/ou de les fournir \u00e0 des tiers. Par exemple, lorsqu&rsquo;une autorit\u00e9 comp\u00e9tente telle que la police en fait la demande dans le cadre d&rsquo;une enqu\u00eate criminelle.<\/p>\n\n\n\n<p><em>Autres objectifs<\/em><br>Si BodyFitness \u00c9pernon souhaite utiliser des donn\u00e9es personnelles dans un autre contexte que celui d\u00e9crit pr\u00e9c\u00e9demment, il vous sera demand\u00e9 votre permission.<\/p>\n\n\n\n<p><br><em>Utilisons- nous des cookies ?<\/em><br>BodyFitness \u00c9pernon utilise des cookies lorsqu&rsquo;elle offre ses services. Vous pouvez lire ce que sont les cookies, et quels types de cookies BodyFitness \u00c9pernon utilise dans la D\u00e9claration en mati\u00e8re de cookies de BodyFitness \u00c9pernon, telle que publi\u00e9e sur notre site.<\/p>\n\n\n\n<p><strong>Comment g\u00e9rons-nous la s\u00e9curit\u00e9 de vos donn\u00e9es ?<\/strong><br>BodyFitness \u00c9pernon veille \u00e0 prendre les mesures de s\u00e9curit\u00e9 techniques et organisationnelles appropri\u00e9es pour prot\u00e9ger vos donn\u00e9es \u00e0 caract\u00e8re personnel contre, entre autres, la perte, la destruction ou l&rsquo;endommagement, l&rsquo;acc\u00e8s non autoris\u00e9 ou toute autre forme de traitement illicite de vos donn\u00e9es personnelles. Nous le faisons, entre autres, en prenant des mesures physiques et organisationnelles de s\u00e9curit\u00e9 d&rsquo;acc\u00e8s, en prot\u00e9geant chaque poste de travail avec un nom d&rsquo;utilisateur, un mot de passe et une gestion des autorisations, afin que vos donn\u00e9es ne puissent pas \u00eatre consult\u00e9es par tous les collaborateurs de BodyFitness \u00c9pernon. Mais la mise \u00e0 jour des logiciels et les tests r\u00e9guliers de nos mesures de s\u00e9curit\u00e9 en font \u00e9galement partie.<\/p>\n\n\n\n<p><br><strong>Combien de temps conservons-nous vos donn\u00e9es ?<\/strong><br>Nous conservons vos donn\u00e9es dans la mesure o\u00f9 cela est n\u00e9cessaire \u00e0 la r\u00e9alisation des finalit\u00e9s pour lesquelles nous les traitons et pour une dur\u00e9e n&rsquo;exc\u00e9dant pas celle autoris\u00e9e par la loi. Le d\u00e9lai de conservation final diff\u00e8re par type de donn\u00e9es personnelles. Si vous \u00eates adh\u00e9rent de BodyFitness \u00c9pernon nous conserverons en tout cas vos donn\u00e9es pendant toute la dur\u00e9e de votre affiliation. Apr\u00e8s l&rsquo;expiration de la p\u00e9riode de conservation, vos donn\u00e9es personnelles seront anonymis\u00e9es ou effac\u00e9es.<\/p>\n\n\n\n<p><strong>Est-ce que nous utilisons les services de tiers pour le traitement des donn\u00e9es ?<\/strong><br>BodyFitness \u00c9pernon utilise les services de tierces parties. Cela ne se produit qu&rsquo;apr\u00e8s un contr\u00f4le de s\u00e9curit\u00e9 et de protection de la vie priv\u00e9e et apr\u00e8s que l&rsquo;entreprise ait sign\u00e9 un accord concernant l&rsquo;utilisation et la protection des donn\u00e9es \u00e0 caract\u00e8re personnel. Les activit\u00e9s dans lesquelles des tierces parties sont impliqu\u00e9es sont: l&rsquo;offre de cours d&rsquo;introduction, le marketing (en ligne), les \u00e9tudes de march\u00e9, la collecte, la publicit\u00e9 et l&rsquo;analyse de l&rsquo;efficacit\u00e9 des annonces, l&rsquo;analyse Internet et les services d&rsquo;applications\/SaaS utilis\u00e9s dans le contexte du recrutement et de la s\u00e9lection, l&rsquo;administration des membres, le service Clients et le marketing, les applications mobiles, les contacts t\u00e9l\u00e9phoniques et les services bancaires.<\/p>\n\n\n\n<p><strong>Est-ce que nous fournissons des donn\u00e9es \u00e0 des tiers ?<\/strong><br>En principe, BodyFitness \u00c9pernon ne fournit ou ne vend pas de donn\u00e9es \u00e0 des tiers. BodyFitness \u00c9pernon peut toutefois \u00eatre tenue par la loi ou la r\u00e9glementation de traiter vos donn\u00e9es \u00e0 caract\u00e8re personnel et\/ou de les fournir \u00e0 des tiers. Par exemple, lorsqu&rsquo;une autorit\u00e9 comp\u00e9tente telle que la police en fait la demande dans le cadre d&rsquo;une enqu\u00eate p\u00e9nale.<\/p>\n\n\n\n<p><strong>Comment pouvez-vous influencer le traitement de vos donn\u00e9es personnelles ?<\/strong><br>Un certain nombre de droits des parties concern\u00e9es sont d\u00e9finis dans le RGPD. Toute personne a le droit d&rsquo;acc\u00e9der \u00e0 ses donn\u00e9es personnelles, de les faire effacer, de demander une limitation du traitement, de les faire transf\u00e9rer et de s&rsquo;opposer au traitement de ses donn\u00e9es \u00e0 caract\u00e8re personnel. Voici une br\u00e8ve explication des diff\u00e9rents droits.<\/p>\n\n\n\n<p><em>Acc\u00e8s aux donn\u00e9es<\/em><br>Vous avez le droit de consulter vos donn\u00e9es personnelles et d&rsquo;en recevoir une copie.<\/p>\n\n\n\n<p><em>Rectification des donn\u00e9es<\/em><br>Vous avez le droit de faire rectifier vos donn\u00e9es \u00e0 caract\u00e8re personnel si elles sont incorrectes, et de les faire compl\u00e9ter si elles sont incompl\u00e8tes.&nbsp;<\/p>\n\n\n\n<p><em>Effacement des donn\u00e9es<\/em><br>Vous pouvez demander que vos informations personnelles soient supprim\u00e9es et cela sera respect\u00e9 dans les cas suivants : parce que les donn\u00e9es ne sont plus n\u00e9cessaires aux fins pour lesquelles elles ont \u00e9t\u00e9 collect\u00e9es ou trait\u00e9es, parce que vous avez retir\u00e9 votre consentement, parce que vous vous \u00eates oppos\u00e9 avec succ\u00e8s au traitement, parce que les donn\u00e9es personnelles ont \u00e9t\u00e9 trait\u00e9es ill\u00e9galement ou pour satisfaire \u00e0 une obligation l\u00e9gale.<\/p>\n\n\n\n<p><em>Limitation du traitement<\/em><br>Vous avez le droit de demander et d&rsquo;obtenir la limitation d&rsquo;un traitement dans un certain nombre de cas sp\u00e9cifiques: pendant la p\u00e9riode de contestation de l&rsquo;exactitude des donn\u00e9es personnelles et de leur v\u00e9rification, si le traitement s&rsquo;est av\u00e9r\u00e9 ill\u00e9gal, mais que vous ne voulez pas que les donn\u00e9es soient supprim\u00e9es, si BodyFitness \u00c9pernon n&rsquo;a plus besoin des donn\u00e9es, mais que vous avez toujours besoin des donn\u00e9es pour une action en justice; et&nbsp;si vous vous \u00eates &nbsp;oppos\u00e9 au traitement et attendez toujours la r\u00e9ponse \u00e0 l&rsquo;objection.<\/p>\n\n\n\n<p>Pour ainsi dire, vous demandez le blocage temporaire de ces donn\u00e9es afin d&rsquo;en limiter le traitement \u00e0 l&rsquo;avenir.<\/p>\n\n\n\n<p><em>Portabilit\u00e9 des donn\u00e9es<\/em><br>Vous avez le droit de faire transf\u00e9rer vos donn\u00e9es. Cela vous permet de demander et de recevoir une copie de vos donn\u00e9es personnelles qui peuvent \u00eatre utilis\u00e9es, par exemple, par un autre fournisseur de services. Les donn\u00e9es seront fournies sous une forme structur\u00e9e, usuelle et lisible par machine. Pensez \u00e0 un fichier Excel, \u00e0 un fichier CSV ou \u00e0 des fichiers qui seront t\u00e9l\u00e9chargeables. Ce droit ne s&rsquo;applique que si le traitement des donn\u00e9es est fond\u00e9 sur un consentement ou un contrat et si le traitement est effectu\u00e9 au moyen de proc\u00e9dures automatis\u00e9es.&nbsp;<\/p>\n\n\n\n<p><em>Opposition au traitement<\/em><br>Vous avez toujours le droit de vous opposer pour des raisons li\u00e9es \u00e0 votre situation sp\u00e9cifique: au traitement de vos donn\u00e9es personnelles sur la base d&rsquo;une t\u00e2che d&rsquo;int\u00e9r\u00eat g\u00e9n\u00e9ral ou d&rsquo;une mission de l&rsquo;autorit\u00e9 publique, si BodyFitness \u00c9pernon s&rsquo;est vu confier une telle mission et si le traitement est n\u00e9cessaire \u00e0 la sauvegarde des int\u00e9r\u00eats l\u00e9gitimes de BodyFitness \u00c9pernon ou d&rsquo;un tiers, si vos int\u00e9r\u00eats sont plus importants que ceux de BodyFitness \u00c9pernon.&nbsp;<\/p>\n\n\n\n<p>Lorsque vos donn\u00e9es personnelles sont trait\u00e9es \u00e0 des fins de marketing direct, vous pouvez toujours vous opposer \u00e0 ce traitement ainsi qu&rsquo;au profilage li\u00e9 au marketing direct.<\/p>\n\n\n\n<p><em>Soumettre une plainte<\/em><br>Vous avez le droit de soumettre une r\u00e9clamation sur la mani\u00e8re dont nous traitons vos donn\u00e9es. Lorsque vous soumettez une r\u00e9clamation, nous pr\u00e9f\u00e9rons la r\u00e9soudre nous-m\u00eame. De plus, vous avez toujours le droit de contacter l&rsquo;autorit\u00e9 comp\u00e9tente qui supervise la protection des donn\u00e9es \u00e0 caract\u00e8re personnel avec votre r\u00e9clamation.<\/p>\n\n\n\n<p>Si vous souhaitez exercer l&rsquo;un de vos droits, proc\u00e9dez comme suit :\u00a0<br>Vous pouvez envoyer votre demande par courriel \u00e0 bodyfitnessepernon@gmail.com ou vous pouvez envoyer une demande par la poste \u00e0 :<br>BodyFitness \u00c9pernon<br>28 RUE DE SAVONNIERE 28230 EPERNON<\/p>\n\n\n\n<p>Veuillez toujours indiquer dans votre demande de quelle type de demande il s&rsquo;agit : \u00ab demande d&rsquo;acc\u00e8s \u00bb, \u00ab demande de rectification \u00bb, etc., et indiquez vos nom, adresse et num\u00e9ro de t\u00e9l\u00e9phone.&nbsp;<\/p>\n\n\n\n<p>A des fins de v\u00e9rification, nous vous enverrons un courriel \u00e0 l&rsquo;adresse \u00e9lectronique fournie \u00e0 BodyFitness \u00c9pernon, vous invitant \u00e0 confirmer votre demande \u00e0 l&rsquo;aide du lien fourni.&nbsp;<\/p>\n\n\n\n<p>Vous recevrez une r\u00e9ponse au plus tard un mois suivant la r\u00e9ception de la demande.<\/p>\n\n\n\n<p>Si vous avez des questions \u00e0 propos de la pr\u00e9sente d\u00e9claration de confidentialit\u00e9 et \u00e0 propos de la politique de BodyFitness \u00c9pernon vous pouvez vous adresser \u00e0 bodyfitnessepernon@gmail.com<\/p>\n","protected":false},"excerpt":{"rendered":"<p>La pr\u00e9sente constitue la d\u00e9claration de confidentialit\u00e9 de BodyFitness \u00c9pernon section de l&rsquo;Amicale d&rsquo;Epernon, association loi 1901 inscrite en Pr\u00e9fecture de CHARTRES ; r\u00e9pertoire SIRENE sous le n\u00b0 775122765 00024, sise 1 Rte de Gallardon 28230 EPERNON. Pourquoi cette d\u00e9claration de confidentialit\u00e9 ?Si vous avez un abonnement BodyFitness \u00c9pernon, souhaitez souscrire un abonnement BodyFitness \u00c9pernon, si vous visitez notre site internet par int\u00e9r\u00eat ou r\u00e9pondez \u00e0 nos publications sur les r\u00e9seaux sociaux, nous avons besoin de certaines donn\u00e9es personnelles vous [&hellip;]<\/p>\n","protected":false},"author":1,"featured_media":0,"parent":0,"menu_order":0,"comment_status":"closed","ping_status":"closed","template":"","meta":{"_monsterinsights_skip_tracking":false,"_monsterinsights_sitenote_active":false,"_monsterinsights_sitenote_note":"","_monsterinsights_sitenote_category":0},"aioseo_notices":[],"_links":{"self":[{"href":"https:\/\/bodyfitnessepernon.fr\/index.php\/wp-json\/wp\/v2\/pages\/3867"}],"collection":[{"href":"https:\/\/bodyfitnessepernon.fr\/index.php\/wp-json\/wp\/v2\/pages"}],"about":[{"href":"https:\/\/bodyfitnessepernon.fr\/index.php\/wp-json\/wp\/v2\/types\/page"}],"author":[{"embeddable":true,"href":"https:\/\/bodyfitnessepernon.fr\/index.php\/wp-json\/wp\/v2\/users\/1"}],"replies":[{"embeddable":true,"href":"https:\/\/bodyfitnessepernon.fr\/index.php\/wp-json\/wp\/v2\/comments?post=3867"}],"version-history":[{"count":3,"href":"https:\/\/bodyfitnessepernon.fr\/index.php\/wp-json\/wp\/v2\/pages\/3867\/revisions"}],"predecessor-version":[{"id":4303,"href":"https:\/\/bodyfitnessepernon.fr\/index.php\/wp-json\/wp\/v2\/pages\/3867\/revisions\/4303"}],"wp:attachment":[{"href":"https:\/\/bodyfitnessepernon.fr\/index.php\/wp-json\/wp\/v2\/media?parent=3867"}],"curies":[{"name":"wp","href":"https:\/\/api.w.org\/{rel}","templated":true}]}}