{"id":4051,"date":"2020-09-10T20:49:54","date_gmt":"2020-09-10T18:49:54","guid":{"rendered":"https:\/\/bodyfitnessepernon.fr\/?page_id=4051"},"modified":"2022-07-29T12:05:17","modified_gmt":"2022-07-29T10:05:17","slug":"reglement-interieur","status":"publish","type":"page","link":"https:\/\/bodyfitnessepernon.fr\/index.php\/reglement-interieur\/","title":{"rendered":"R\u00e9glement int\u00e9rieur de BodyFitness \u00c9pernon"},"content":{"rendered":"\n<div class=\"wp-block-file\"><a id=\"wp-block-file--media-3a6910b1-0617-4edf-874e-7b91582bcff7\" href=\"https:\/\/bodyfitnessepernon.fr\/wp-content\/uploads\/2022\/07\/BODYre\u0301glement-inte\u0301rieur-1.pdf\">BODYre\u0301glement-inte\u0301rieur-1<\/a><a href=\"https:\/\/bodyfitnessepernon.fr\/wp-content\/uploads\/2022\/07\/BODYre\u0301glement-inte\u0301rieur-1.pdf\" class=\"wp-block-file__button\" download aria-describedby=\"wp-block-file--media-3a6910b1-0617-4edf-874e-7b91582bcff7\">T\u00e9l\u00e9charger<\/a><\/div>\n","protected":false},"excerpt":{"rendered":"BODYre\u0301glement-inte\u0301rieur-1T\u00e9l\u00e9charger","protected":false},"author":1,"featured_media":0,"parent":0,"menu_order":0,"comment_status":"closed","ping_status":"closed","template":"","meta":{"_monsterinsights_skip_tracking":false,"_monsterinsights_sitenote_active":false,"_monsterinsights_sitenote_note":"","_monsterinsights_sitenote_category":0},"aioseo_notices":[],"_links":{"self":[{"href":"https:\/\/bodyfitnessepernon.fr\/index.php\/wp-json\/wp\/v2\/pages\/4051"}],"collection":[{"href":"https:\/\/bodyfitnessepernon.fr\/index.php\/wp-json\/wp\/v2\/pages"}],"about":[{"href":"https:\/\/bodyfitnessepernon.fr\/index.php\/wp-json\/wp\/v2\/types\/page"}],"author":[{"embeddable":true,"href":"https:\/\/bodyfitnessepernon.fr\/index.php\/wp-json\/wp\/v2\/users\/1"}],"replies":[{"embeddable":true,"href":"https:\/\/bodyfitnessepernon.fr\/index.php\/wp-json\/wp\/v2\/comments?post=4051"}],"version-history":[{"count":4,"href":"https:\/\/bodyfitnessepernon.fr\/index.php\/wp-json\/wp\/v2\/pages\/4051\/revisions"}],"predecessor-version":[{"id":4292,"href":"https:\/\/bodyfitnessepernon.fr\/index.php\/wp-json\/wp\/v2\/pages\/4051\/revisions\/4292"}],"wp:attachment":[{"href":"https:\/\/bodyfitnessepernon.fr\/index.php\/wp-json\/wp\/v2\/media?parent=4051"}],"curies":[{"name":"wp","href":"https:\/\/api.w.org\/{rel}","templated":true}]}}